{"id":308,"date":"2023-05-18T08:43:47","date_gmt":"2023-05-18T08:43:47","guid":{"rendered":"https:\/\/es.audaxrenovables.com\/pt\/?page_id=308"},"modified":"2023-08-08T08:12:59","modified_gmt":"2023-08-08T08:12:59","slug":"tarifa-fija-alta-tension","status":"publish","type":"page","link":"https:\/\/pt.audaxrenovables.es\/en\/tarifas\/grandes-corporacoes\/tarifa-fija-alta-tension\/","title":{"rendered":"Tarifa Fixa Eletricidade Grandes corpora\u00e7\u00f5es"},"content":{"rendered":"","protected":false},"excerpt":{"rendered":"","protected":false},"author":1,"featured_media":0,"parent":225,"menu_order":0,"comment_status":"closed","ping_status":"closed","template":"","meta":{"footnotes":""},"class_list":["post-308","page","type-page","status-publish","hentry"],"yoast_head":"<!-- This site is optimized with the Yoast SEO plugin v23.0 - https:\/\/yoast.com\/wordpress\/plugins\/seo\/ -->\n<title>Tarifa Fixa Eletricidade Grandes corpora\u00e7\u00f5es - Audax Renewables<\/title>\n<meta name=\"robots\" content=\"noindex, follow, max-snippet:-1, max-image-preview:large, max-video-preview:-1\" \/>\n<meta property=\"og:locale\" content=\"en_GB\" \/>\n<meta property=\"og:type\" content=\"article\" \/>\n<meta property=\"og:title\" content=\"Tarifa Fixa Eletricidade Grandes corpora\u00e7\u00f5es - Audax Renewables\" \/>\n<meta property=\"og:url\" content=\"https:\/\/pt.audaxrenovables.es\/en\/tarifas\/grandes-corporacoes\/tarifa-fija-alta-tension\/\" \/>\n<meta property=\"og:site_name\" content=\"Audax Renewables\" \/>\n<meta property=\"article:publisher\" content=\"https:\/\/www.facebook.com\/AudaxEnergiaPortugal\" \/>\n<meta property=\"article:modified_time\" content=\"2023-08-08T08:12:59+00:00\" \/>\n<meta property=\"og:image\" content=\"https:\/\/pt.audaxrenovables.es\/wp-content\/uploads\/2023\/07\/logo_international.png\" \/>\n\t<meta property=\"og:image:width\" content=\"221\" \/>\n\t<meta property=\"og:image:height\" content=\"144\" \/>\n\t<meta property=\"og:image:type\" content=\"image\/png\" \/>\n<meta name=\"twitter:card\" content=\"summary_large_image\" \/>\n<meta name=\"twitter:site\" content=\"@AudaxEnergiaPor\" \/>\n<!-- \/ Yoast SEO plugin. -->","yoast_head_json":{"title":"Tarifa Fixa Eletricidade Grandes corpora\u00e7\u00f5es - Audax Renewables","robots":{"index":"noindex","follow":"follow","max-snippet":"max-snippet:-1","max-image-preview":"max-image-preview:large","max-video-preview":"max-video-preview:-1"},"og_locale":"en_GB","og_type":"article","og_title":"Tarifa Fixa Eletricidade Grandes corpora\u00e7\u00f5es - Audax Renewables","og_url":"https:\/\/pt.audaxrenovables.es\/en\/tarifas\/grandes-corporacoes\/tarifa-fija-alta-tension\/","og_site_name":"Audax Renewables","article_publisher":"https:\/\/www.facebook.com\/AudaxEnergiaPortugal","article_modified_time":"2023-08-08T08:12:59+00:00","og_image":[{"width":221,"height":144,"url":"https:\/\/pt.audaxrenovables.es\/wp-content\/uploads\/2023\/07\/logo_international.png","type":"image\/png"}],"twitter_card":"summary_large_image","twitter_site":"@AudaxEnergiaPor","schema":{"@context":"https:\/\/schema.org","@graph":[{"@type":"WebPage","@id":"https:\/\/pt.audaxrenovables.es\/tarifas\/grandes-corporacoes\/tarifa-fija-alta-tension\/","url":"https:\/\/pt.audaxrenovables.es\/tarifas\/grandes-corporacoes\/tarifa-fija-alta-tension\/","name":"Tarifa Fixa Eletricidade Grandes corpora\u00e7\u00f5es - Audax Renewables","isPartOf":{"@id":"https:\/\/pt.audaxrenovables.es\/#website"},"datePublished":"2023-05-18T08:43:47+00:00","dateModified":"2023-08-08T08:12:59+00:00","breadcrumb":{"@id":"https:\/\/pt.audaxrenovables.es\/tarifas\/grandes-corporacoes\/tarifa-fija-alta-tension\/#breadcrumb"},"inLanguage":"en-GB","potentialAction":[{"@type":"ReadAction","target":["https:\/\/pt.audaxrenovables.es\/tarifas\/grandes-corporacoes\/tarifa-fija-alta-tension\/"]}]},{"@type":"BreadcrumbList","@id":"https:\/\/pt.audaxrenovables.es\/tarifas\/grandes-corporacoes\/tarifa-fija-alta-tension\/#breadcrumb","itemListElement":[{"@type":"ListItem","position":1,"name":"Portada","item":"https:\/\/pt.audaxrenovables.es\/"},{"@type":"ListItem","position":2,"name":"TARIFAS","item":"https:\/\/pt.audaxrenovables.es\/tarifas\/"},{"@type":"ListItem","position":3,"name":"Grandes corpora\u00e7\u00f5es","item":"https:\/\/pt.audaxrenovables.es\/tarifas\/grandes-corporacoes\/"},{"@type":"ListItem","position":4,"name":"Tarifa Fixa Eletricidade Grandes corpora\u00e7\u00f5es"}]},{"@type":"WebSite","@id":"https:\/\/pt.audaxrenovables.es\/#website","url":"https:\/\/pt.audaxrenovables.es\/","name":"Audax Renewables","description":"Empresa independente dedicada \u00e0 produ\u00e7\u00e3o de energia el\u00e9trica a partir de fontes de energia 100% renov\u00e1veis","publisher":{"@id":"https:\/\/pt.audaxrenovables.es\/#organization"},"potentialAction":[{"@type":"SearchAction","target":{"@type":"EntryPoint","urlTemplate":"https:\/\/pt.audaxrenovables.es\/?s={search_term_string}"},"query-input":"required name=search_term_string"}],"inLanguage":"en-GB"},{"@type":"Organization","@id":"https:\/\/pt.audaxrenovables.es\/#organization","name":"Audax Renewables","url":"https:\/\/pt.audaxrenovables.es\/","logo":{"@type":"ImageObject","inLanguage":"en-GB","@id":"https:\/\/pt.audaxrenovables.es\/#\/schema\/logo\/image\/","url":"https:\/\/pt.audaxrenovables.es\/wp-content\/uploads\/2023\/07\/logo_international.png","contentUrl":"https:\/\/pt.audaxrenovables.es\/wp-content\/uploads\/2023\/07\/logo_international.png","width":221,"height":144,"caption":"Audax Renewables"},"image":{"@id":"https:\/\/pt.audaxrenovables.es\/#\/schema\/logo\/image\/"},"sameAs":["https:\/\/www.facebook.com\/AudaxEnergiaPortugal","https:\/\/x.com\/AudaxEnergiaPor","https:\/\/www.instagram.com\/audaxrenewables_pt\/","https:\/\/www.linkedin.com\/company\/audax-renewables-portugal\/"]}]}},"_links":{"self":[{"href":"https:\/\/pt.audaxrenovables.es\/en\/wp-json\/wp\/v2\/pages\/308","targetHints":{"allow":["GET"]}}],"collection":[{"href":"https:\/\/pt.audaxrenovables.es\/en\/wp-json\/wp\/v2\/pages"}],"about":[{"href":"https:\/\/pt.audaxrenovables.es\/en\/wp-json\/wp\/v2\/types\/page"}],"author":[{"embeddable":true,"href":"https:\/\/pt.audaxrenovables.es\/en\/wp-json\/wp\/v2\/users\/1"}],"replies":[{"embeddable":true,"href":"https:\/\/pt.audaxrenovables.es\/en\/wp-json\/wp\/v2\/comments?post=308"}],"version-history":[{"count":2,"href":"https:\/\/pt.audaxrenovables.es\/en\/wp-json\/wp\/v2\/pages\/308\/revisions"}],"predecessor-version":[{"id":635,"href":"https:\/\/pt.audaxrenovables.es\/en\/wp-json\/wp\/v2\/pages\/308\/revisions\/635"}],"up":[{"embeddable":true,"href":"https:\/\/pt.audaxrenovables.es\/en\/wp-json\/wp\/v2\/pages\/225"}],"wp:attachment":[{"href":"https:\/\/pt.audaxrenovables.es\/en\/wp-json\/wp\/v2\/media?parent=308"}],"curies":[{"name":"wp","href":"https:\/\/api.w.org\/{rel}","templated":true}]}}